{"id":187,"date":"2025-03-25T17:26:04","date_gmt":"2025-03-25T14:26:04","guid":{"rendered":"http:\/\/www.lightboxes.com.tr\/?page_id=187"},"modified":"2025-03-28T06:05:35","modified_gmt":"2025-03-28T03:05:35","slug":"ic-mekan-lightbox","status":"publish","type":"page","link":"https:\/\/www.lightboxes.com.tr\/index.php\/ic-mekan-lightbox\/","title":{"rendered":"\u0130\u00e7 Mekan Lightbox Pano \u0130\u00e7 Mekan Lightbox Panolar"},"content":{"rendered":"\t\t<div data-elementor-type=\"wp-page\" data-elementor-id=\"187\" class=\"elementor elementor-187\" data-elementor-post-type=\"page\">\n\t\t\t\t<div class=\"elementor-element elementor-element-5a63203 e-flex e-con-boxed e-con e-parent\" data-id=\"5a63203\" data-element_type=\"container\" data-e-type=\"container\">\n\t\t\t\t\t<div class=\"e-con-inner\">\n\t\t\t\t<div class=\"elementor-element elementor-element-b529a24 elementor--h-position-center elementor--v-position-middle elementor-arrows-position-inside elementor-pagination-position-inside elementor-widget elementor-widget-slides\" data-id=\"b529a24\" data-element_type=\"widget\" data-e-type=\"widget\" data-settings=\"{&quot;navigation&quot;:&quot;both&quot;,&quot;autoplay&quot;:&quot;yes&quot;,&quot;pause_on_hover&quot;:&quot;yes&quot;,&quot;pause_on_interaction&quot;:&quot;yes&quot;,&quot;autoplay_speed&quot;:5000,&quot;infinite&quot;:&quot;yes&quot;,&quot;transition&quot;:&quot;slide&quot;,&quot;transition_speed&quot;:500}\" data-widget_type=\"slides.default\">\n\t\t\t\t<div class=\"elementor-widget-container\">\n\t\t\t\t\t\t\t\t\t<div class=\"elementor-swiper\">\n\t\t\t\t\t<div class=\"elementor-slides-wrapper elementor-main-swiper swiper\" role=\"region\" aria-roledescription=\"carousel\" aria-label=\"\u0130\u00c7 MEKAN LIGHTBOX\" dir=\"ltr\" data-animation=\"fadeInUp\">\n\t\t\t\t<div class=\"swiper-wrapper elementor-slides\">\n\t\t\t\t\t\t\t\t\t\t<div class=\"elementor-repeater-item-3d0c8a3 swiper-slide\" role=\"group\" aria-roledescription=\"slide\"><div class=\"swiper-slide-bg\" role=\"img\" aria-label=\"Ma\u011faza Lightbox \u00d6rnekleri\"><\/div><div class=\"swiper-slide-inner\" ><div class=\"swiper-slide-contents\"><div class=\"elementor-slide-heading\">Y\u00dcKSEK \u00c7\u00d6Z\u00dcN\u00dcRL\u00dcKL\u00dc FOTO\u011eRAF BASKISI<\/div><div class=\"elementor-slide-description\">Y\u00fcksek kaliteli foto\u011fraf bask\u0131s\u0131, \u00f6zellikle ma\u011fazalar i\u00e7in ger\u00e7ekten vazge\u00e7ilmez bir unsurdur. Tekstil kuma\u015f\u0131n\u0131n ayd\u0131nlat\u0131lmas\u0131yla ortaya muhte\u015fem ledboxes \u00fcr\u00fcnleri \u00e7\u0131kmaktad\u0131r.<\/div><div  class=\"elementor-button elementor-slide-button elementor-size-sm\">Click Here<\/div><\/div><\/div><\/div><div class=\"elementor-repeater-item-b3c1859 swiper-slide\" role=\"group\" aria-roledescription=\"slide\"><div class=\"swiper-slide-bg\" role=\"img\" aria-label=\"Lightbox Tabela\"><\/div><div class=\"swiper-slide-inner\" ><div class=\"swiper-slide-contents\"><div class=\"elementor-slide-heading\">LIGHTBOX I\u015eIKLI TABELA<\/div><div class=\"elementor-slide-description\">Lightbox (I\u015f\u0131kl\u0131 Tabela), \u00f6zellikle ma\u011fazalar, restoranlar, oteller ve perakende noktalar\u0131 i\u00e7in dikkat \u00e7ekici ve \u015f\u0131k bir reklam arac\u0131d\u0131r. Gece ve g\u00fcnd\u00fcz etkili bir g\u00f6r\u00fcn\u00fcm sunarak markan\u0131z\u0131n g\u00f6r\u00fcn\u00fcrl\u00fc\u011f\u00fcn\u00fc art\u0131r\u0131r.<\/div><div  class=\"elementor-button elementor-slide-button elementor-size-sm\">Click Here<\/div><\/div><\/div><\/div><div class=\"elementor-repeater-item-2e80628 swiper-slide\" role=\"group\" aria-roledescription=\"slide\"><div class=\"swiper-slide-bg\" role=\"img\" aria-label=\"Ofis Lightbox Modelleri\"><\/div><div class=\"swiper-slide-inner\" ><div class=\"swiper-slide-contents\"><div class=\"elementor-slide-heading\">LIGHTBOX \u0130LE \u00dcR\u00dcNLER\u0130N\u0130Z\u0130 SERG\u0130LEY\u0130N<\/div><div class=\"elementor-slide-description\">Lightbox panolar, \u00f6zellikle ma\u011faza vitrinleri, showroomlar ve sat\u0131\u015f noktalar\u0131 i\u00e7in \u00fcr\u00fcnlerinizi en \u015f\u0131k ve profesyonel \u015fekilde sergilemenizi sa\u011flar. I\u015f\u0131kland\u0131rma sayesinde \u00fcr\u00fcnleriniz daha canl\u0131, dikkat \u00e7ekici ve premium bir g\u00f6r\u00fcn\u00fcm kazan\u0131r.<\/div><div  class=\"elementor-button elementor-slide-button elementor-size-sm\">Click Here<\/div><\/div><\/div><\/div>\t\t\t\t<\/div>\n\t\t\t\t\t\t\t\t\t\t\t\t\t\t\t<div class=\"elementor-swiper-button elementor-swiper-button-prev\" role=\"button\" tabindex=\"0\" aria-label=\"Previous slide\">\n\t\t\t\t\t\t\t<svg aria-hidden=\"true\" class=\"e-font-icon-svg e-eicon-chevron-left\" viewBox=\"0 0 1000 1000\" xmlns=\"http:\/\/www.w3.org\/2000\/svg\"><path d=\"M646 125C629 125 613 133 604 142L308 442C296 454 292 471 292 487 292 504 296 521 308 533L604 854C617 867 629 875 646 875 663 875 679 871 692 858 704 846 713 829 713 812 713 796 708 779 692 767L438 487 692 225C700 217 708 204 708 187 708 171 704 154 692 142 675 129 663 125 646 125Z\"><\/path><\/svg>\t\t\t\t\t\t<\/div>\n\t\t\t\t\t\t<div class=\"elementor-swiper-button elementor-swiper-button-next\" role=\"button\" tabindex=\"0\" aria-label=\"Next slide\">\n\t\t\t\t\t\t\t<svg aria-hidden=\"true\" class=\"e-font-icon-svg e-eicon-chevron-right\" viewBox=\"0 0 1000 1000\" xmlns=\"http:\/\/www.w3.org\/2000\/svg\"><path d=\"M696 533C708 521 713 504 713 487 713 471 708 454 696 446L400 146C388 133 375 125 354 125 338 125 325 129 313 142 300 154 292 171 292 187 292 204 296 221 308 233L563 492 304 771C292 783 288 800 288 817 288 833 296 850 308 863 321 871 338 875 354 875 371 875 388 867 400 854L696 533Z\"><\/path><\/svg>\t\t\t\t\t\t<\/div>\n\t\t\t\t\t\t\t\t\t\t\t\t\t\t\t\t<div class=\"swiper-pagination\"><\/div>\n\t\t\t\t\t\t\t\t\t\t\t\t<\/div>\n\t\t\t\t<\/div>\n\t\t\t\t\t\t\t\t<\/div>\n\t\t\t\t<\/div>\n\t\t\t\t\t<\/div>\n\t\t\t\t<\/div>\n\t\t<div class=\"elementor-element elementor-element-7a0cee2 e-flex e-con-boxed e-con e-parent\" data-id=\"7a0cee2\" data-element_type=\"container\" data-e-type=\"container\">\n\t\t\t\t\t<div class=\"e-con-inner\">\n\t\t\t\t<div class=\"elementor-element elementor-element-cc5ce67 elementor-widget elementor-widget-spacer\" data-id=\"cc5ce67\" data-element_type=\"widget\" data-e-type=\"widget\" data-widget_type=\"spacer.default\">\n\t\t\t\t<div class=\"elementor-widget-container\">\n\t\t\t\t\t\t\t<div class=\"elementor-spacer\">\n\t\t\t<div class=\"elementor-spacer-inner\"><\/div>\n\t\t<\/div>\n\t\t\t\t\t\t<\/div>\n\t\t\t\t<\/div>\n\t\t\t\t<div class=\"elementor-element elementor-element-e6107a1 elementor-widget elementor-widget-heading\" data-id=\"e6107a1\" data-element_type=\"widget\" data-e-type=\"widget\" data-widget_type=\"heading.default\">\n\t\t\t\t<div class=\"elementor-widget-container\">\n\t\t\t\t\t<h2 class=\"elementor-heading-title elementor-size-default\">Lightbox Pano \u0130le \u00dcr\u00fcnleriniz Harika G\u00f6r\u00fcns\u00fcn!<\/h2>\t\t\t\t<\/div>\n\t\t\t\t<\/div>\n\t\t\t\t\t<\/div>\n\t\t\t\t<\/div>\n\t\t<div class=\"elementor-element elementor-element-f98c194 e-flex e-con-boxed e-con e-parent\" data-id=\"f98c194\" data-element_type=\"container\" data-e-type=\"container\">\n\t\t\t\t\t<div class=\"e-con-inner\">\n\t\t\t\t<div class=\"elementor-element elementor-element-5897711 elementor-widget elementor-widget-text-editor\" data-id=\"5897711\" data-element_type=\"widget\" data-e-type=\"widget\" data-widget_type=\"text-editor.default\">\n\t\t\t\t<div class=\"elementor-widget-container\">\n\t\t\t\t\t\t\t\t\t<p>**Lightbox panolar**, \u00f6zellikle ma\u011faza vitrinleri, showroomlar ve sat\u0131\u015f noktalar\u0131** i\u00e7in \u00fcr\u00fcnlerinizi en \u015f\u0131k ve profesyonel \u015fekilde sergilemenizi sa\u011flar. I\u015f\u0131kland\u0131rma sayesinde \u00fcr\u00fcnleriniz **daha canl\u0131, dikkat \u00e7ekici ve premium** bir g\u00f6r\u00fcn\u00fcm kazan\u0131r. <span class=\"Apple-converted-space\">\u00a0<\/span><\/p><p>Lightbox Pano ile \u00dcr\u00fcn Sergilemenin Avantajlar\u0131** <span class=\"Apple-converted-space\">\u00a0<\/span><\/p><p>Profesyonel Sunum: \u00dcr\u00fcnleriniz \u0131\u015f\u0131kland\u0131r\u0131lm\u0131\u015f bir arka planla daha **\u015f\u0131k ve y\u00fcksek kaliteli** g\u00f6r\u00fcn\u00fcr. <span class=\"Apple-converted-space\">\u00a0<\/span><\/p><p>Renkler Daha Canl\u0131: LED ayd\u0131nlatma, renkleri oldu\u011fundan daha **parlak ve do\u011fru** g\u00f6sterir. <span class=\"Apple-converted-space\">\u00a0<\/span><\/p><p>Gece ve G\u00fcnd\u00fcz Etkili: ranl\u0131kta bile \u00fcr\u00fcnleriniz **g\u00f6z al\u0131c\u0131** kal\u0131r. <span class=\"Apple-converted-space\">\u00a0<\/span><\/p><p>M\u00fc\u015fteri Dikkatini \u00c7eker Vitrinde veya ma\u011faza i\u00e7inde **en \u00e7ok bak\u0131lan nokta** haline gelir. <span class=\"Apple-converted-space\">\u00a0<\/span><\/p><p>Mod\u00fcler ve Esnek Farkl\u0131 boyutlarda \u00fcretilebilir, **duvara as\u0131labilir veya ayakl\u0131 kullan\u0131labilir**. <span class=\"Apple-converted-space\">\u00a0<\/span><\/p><p>Lightbox Pano Kullan\u0131m Alanlar\u0131<\/p><p>Ma\u011faza Vitrinleri \u00dcr\u00fcnlerinizi \u00f6ne \u00e7\u0131kar\u0131n. <span class=\"Apple-converted-space\">\u00a0<\/span><\/p><p>Showroomlar \u2013 Yeni koleksiyonlar\u0131 vurgulay\u0131n. <span class=\"Apple-converted-space\">\u00a0<\/span><\/p><p>Foto\u011fraf St\u00fcdyolar\u0131 \u2013 Profesyonel \u00fcr\u00fcn \u00e7ekimleri i\u00e7in ideal. <span class=\"Apple-converted-space\">\u00a0<\/span><\/p><p>Restoran Men\u00fcleri \u2013 Yemek g\u00f6rselleri daha i\u015ftah a\u00e7\u0131c\u0131 g\u00f6r\u00fcn\u00fcr. <span class=\"Apple-converted-space\">\u00a0<\/span><\/p><p>Fuarlar ve Sergiler \u2013 Stantlarda marka etkisini art\u0131r\u0131r. <span class=\"Apple-converted-space\">\u00a0<\/span><\/p><p>Lightbox Pano \u00c7e\u015fitleri<\/p><p>Tekli Lightbox Panolar:<\/p><p>Standart boyutlarda (A3, A2, A1 vb.) <span class=\"Apple-converted-space\">\u00a0<\/span><\/p><p>Kolay tak\u0131l\u0131p s\u00f6k\u00fclebilir. <span class=\"Apple-converted-space\">\u00a0<\/span><\/p><p>Mod\u00fcler Lightbox Sistemleri:<\/p><p>Birden fazla panoyu birle\u015ftirerek b\u00fcy\u00fck alanlar olu\u015fturabilirsiniz. <span class=\"Apple-converted-space\">\u00a0<\/span><\/p><p>Ma\u011faza i\u00e7i dekorasyon i\u00e7in idealdir. <span class=\"Apple-converted-space\">\u00a0<\/span><\/p><p>Ayakl\u0131 Lightbox:<\/p><p>Katlanabilir ta\u015f\u0131nabilir tasar\u0131m. <span class=\"Apple-converted-space\">\u00a0<\/span><\/p><p>Fuarlar ve ge\u00e7ici promosyonlar i\u00e7in uygun. <span class=\"Apple-converted-space\">\u00a0<\/span><\/p><p>\u00d6zel \u015eekilli Lightbox:<\/p><p>Daire, y\u0131ld\u0131z veya markan\u0131za \u00f6zel tasar\u0131mlar. <span class=\"Apple-converted-space\">\u00a0<\/span><\/p><p>Yarat\u0131c\u0131 vitrinler i\u00e7in m\u00fckemmel. <span class=\"Apple-converted-space\">\u00a0<\/span><\/p><p>Hangi Sekt\u00f6rler Lightbox Pano Kullanmal\u0131?<\/p><p>Moda &amp; Aksesuar** \u2013 K\u0131yafet ve tak\u0131lar daha \u015f\u0131k g\u00f6r\u00fcn\u00fcr. <span class=\"Apple-converted-space\">\u00a0<\/span><\/p><p>Teknoloji &amp; Elektronik** \u2013 \u00dcr\u00fcn detaylar\u0131 net \u015fekilde vurgulan\u0131r. <span class=\"Apple-converted-space\">\u00a0<\/span><\/p><p>G\u0131da &amp; \u0130\u00e7ecek** \u2013 \u00dcr\u00fcnler daha taze ve lezzetli g\u00f6r\u00fcn\u00fcr. <span class=\"Apple-converted-space\">\u00a0<\/span><\/p><p>M\u00fccevher &amp; Saat** \u2013 I\u015f\u0131kland\u0131rma ile p\u0131r\u0131lt\u0131y\u0131 art\u0131r\u0131r. <span class=\"Apple-converted-space\">\u00a0<\/span><\/p><p>Lightbox Pano Yapt\u0131r\u0131rken Dikkat Edilmesi Gerekenler<\/p><p>Bask\u0131 Kalitesi:** Y\u00fcksek \u00e7\u00f6z\u00fcn\u00fcrl\u00fckl\u00fc (300+ DPI) ve **UV bask\u0131** tercih edin. <span class=\"Apple-converted-space\">\u00a0<\/span><\/p><p>LED Ayd\u0131nlatma:** **Enerji tasarruflu, uzun \u00f6m\u00fcrl\u00fc** LED\u2019ler kullan\u0131lmal\u0131. <span class=\"Apple-converted-space\">\u00a0<\/span><\/p><p>Malzeme:<span class=\"Apple-converted-space\">\u00a0<\/span><\/p><p>Akrilik** (\u015eeffaf ve parlak) <span class=\"Apple-converted-space\">\u00a0<\/span><\/p><p>Al\u00fcminyum \u00c7er\u00e7eve (Hafif ve sa\u011flam) <span class=\"Apple-converted-space\">\u00a0<\/span><\/p><p>Polikarbonat (Darbeye dayan\u0131kl\u0131) <span class=\"Apple-converted-space\">\u00a0<\/span><\/p><p>Tasar\u0131m: Marka kimli\u011finize uygun **renkler ve fontlar** se\u00e7in. <span class=\"Apple-converted-space\">\u00a0<\/span><\/p><p>Sonu\u00e7: Lightbox Panolar Sat\u0131\u015flar\u0131 Art\u0131r\u0131r!<\/p><p>\u00dcr\u00fcnlerinizi En iyi \u015fekilde sergilemek**, m\u00fc\u015fterilerinizin dikkatini \u00e7ekmek ve sat\u0131\u015flar\u0131 art\u0131rmak i\u00e7in **lightbox panolar m\u00fckemmel bir \u00e7\u00f6z\u00fcm**. <span class=\"Apple-converted-space\">\u00a0<\/span><\/p><p>\u00d6zel tasar\u0131m, boyut ve ayd\u0131nlatma se\u00e7enekleri** hakk\u0131nda detayl\u0131 bilgi almak i\u00e7in bize ula\u015fabilirsiniz! <span class=\"Apple-converted-space\">\u00a0<\/span><\/p><p>I\u015f\u0131k, \u00fcr\u00fcnlerinizi \u00f6ne \u00e7\u0131kars\u0131<\/p>\t\t\t\t\t\t\t\t<\/div>\n\t\t\t\t<\/div>\n\t\t\t\t\t<\/div>\n\t\t\t\t<\/div>\n\t\t<div class=\"elementor-element elementor-element-0e09103 e-flex e-con-boxed e-con e-parent\" data-id=\"0e09103\" data-element_type=\"container\" data-e-type=\"container\">\n\t\t\t\t\t<div class=\"e-con-inner\">\n\t\t\t\t<div class=\"elementor-element elementor-element-e044111 elementor-widget elementor-widget-spacer\" data-id=\"e044111\" data-element_type=\"widget\" data-e-type=\"widget\" data-widget_type=\"spacer.default\">\n\t\t\t\t<div class=\"elementor-widget-container\">\n\t\t\t\t\t\t\t<div class=\"elementor-spacer\">\n\t\t\t<div class=\"elementor-spacer-inner\"><\/div>\n\t\t<\/div>\n\t\t\t\t\t\t<\/div>\n\t\t\t\t<\/div>\n\t\t\t\t<div class=\"elementor-element elementor-element-aacf7cc elementor-widget elementor-widget-heading\" data-id=\"aacf7cc\" data-element_type=\"widget\" data-e-type=\"widget\" data-widget_type=\"heading.default\">\n\t\t\t\t<div class=\"elementor-widget-container\">\n\t\t\t\t\t<h3 class=\"elementor-heading-title elementor-size-default\">Lightbox Pano Her Yere Uyar<\/h3>\t\t\t\t<\/div>\n\t\t\t\t<\/div>\n\t\t\t\t\t<\/div>\n\t\t\t\t<\/div>\n\t\t<div class=\"elementor-element elementor-element-c1c6ca6 e-flex e-con-boxed e-con e-parent\" data-id=\"c1c6ca6\" data-element_type=\"container\" data-e-type=\"container\">\n\t\t\t\t\t<div class=\"e-con-inner\">\n\t\t\t\t<div class=\"elementor-element elementor-element-c976cc0 elementor-widget elementor-widget-image-gallery\" data-id=\"c976cc0\" data-element_type=\"widget\" data-e-type=\"widget\" data-widget_type=\"image-gallery.default\">\n\t\t\t\t<div class=\"elementor-widget-container\">\n\t\t\t\t\t\t\t<div class=\"elementor-image-gallery\">\n\t\t\t<div id='gallery-1' class='gallery galleryid-187 gallery-columns-7 gallery-size-thumbnail'><figure class='gallery-item'>\n\t\t\t<div class='gallery-icon portrait'>\n\t\t\t\t<a data-elementor-open-lightbox=\"yes\" data-elementor-lightbox-slideshow=\"c976cc0\" data-elementor-lightbox-title=\"Vitrin Lightbox Kasalar\u0131\" data-elementor-lightbox-description=\"Lightbox Kasa \u00d6rnekleri\" data-e-action-hash=\"#elementor-action%3Aaction%3Dlightbox%26settings%3DeyJpZCI6NzksInVybCI6Imh0dHBzOlwvXC93d3cubGlnaHRib3hlcy5jb20udHJcL3dwLWNvbnRlbnRcL3VwbG9hZHNcLzIwMjVcLzAzXC9JTUctMjAyNTAyMjQtV0EwMDMyLndlYnAiLCJzbGlkZXNob3ciOiJjOTc2Y2MwIn0%3D\" href='https:\/\/www.lightboxes.com.tr\/wp-content\/uploads\/2025\/03\/IMG-20250224-WA0032.webp'><img decoding=\"async\" width=\"150\" height=\"150\" src=\"https:\/\/www.lightboxes.com.tr\/wp-content\/uploads\/2025\/03\/IMG-20250224-WA0032-150x150.webp\" class=\"attachment-thumbnail size-thumbnail\" alt=\"Vitrin Lightbox Kasas\u0131\" aria-describedby=\"gallery-1-79\" \/><\/a>\n\t\t\t<\/div>\n\t\t\t\t<figcaption class='wp-caption-text gallery-caption' id='gallery-1-79'>\n\t\t\t\tLightbox Kasa Vitrinler\n\t\t\t\t<\/figcaption><\/figure><figure class='gallery-item'>\n\t\t\t<div class='gallery-icon landscape'>\n\t\t\t\t<a data-elementor-open-lightbox=\"yes\" data-elementor-lightbox-slideshow=\"c976cc0\" data-elementor-lightbox-title=\"\u015eekilli Lightbox Kasa Fiyatlar\u0131\" data-elementor-lightbox-description=\"Lightbox Kasa \u00d6rnekleri\" data-e-action-hash=\"#elementor-action%3Aaction%3Dlightbox%26settings%3DeyJpZCI6NzIsInVybCI6Imh0dHBzOlwvXC93d3cubGlnaHRib3hlcy5jb20udHJcL3dwLWNvbnRlbnRcL3VwbG9hZHNcLzIwMjVcLzAzXC9JTUctMjAyNTAyMjQtV0EwMDIzLndlYnAiLCJzbGlkZXNob3ciOiJjOTc2Y2MwIn0%3D\" href='https:\/\/www.lightboxes.com.tr\/wp-content\/uploads\/2025\/03\/IMG-20250224-WA0023.webp'><img decoding=\"async\" width=\"150\" height=\"150\" src=\"https:\/\/www.lightboxes.com.tr\/wp-content\/uploads\/2025\/03\/IMG-20250224-WA0023-150x150.webp\" class=\"attachment-thumbnail size-thumbnail\" alt=\"\u015eekilli Lightbox Kasa\" aria-describedby=\"gallery-1-72\" \/><\/a>\n\t\t\t<\/div>\n\t\t\t\t<figcaption class='wp-caption-text gallery-caption' id='gallery-1-72'>\n\t\t\t\tLightbox Kasa Modelleri\n\t\t\t\t<\/figcaption><\/figure><figure class='gallery-item'>\n\t\t\t<div class='gallery-icon portrait'>\n\t\t\t\t<a data-elementor-open-lightbox=\"yes\" data-elementor-lightbox-slideshow=\"c976cc0\" data-elementor-lightbox-title=\"Logo Bask\u0131l\u0131 Lightbox Kasalar\" data-elementor-lightbox-description=\"I\u015f\u0131kl\u0131 Logo Lightbox Kasalar\" data-e-action-hash=\"#elementor-action%3Aaction%3Dlightbox%26settings%3DeyJpZCI6NzUsInVybCI6Imh0dHBzOlwvXC93d3cubGlnaHRib3hlcy5jb20udHJcL3dwLWNvbnRlbnRcL3VwbG9hZHNcLzIwMjVcLzAzXC9JTUctMjAyNTAyMjQtV0EwMDI3LndlYnAiLCJzbGlkZXNob3ciOiJjOTc2Y2MwIn0%3D\" href='https:\/\/www.lightboxes.com.tr\/wp-content\/uploads\/2025\/03\/IMG-20250224-WA0027.webp'><img decoding=\"async\" width=\"150\" height=\"150\" src=\"https:\/\/www.lightboxes.com.tr\/wp-content\/uploads\/2025\/03\/IMG-20250224-WA0027-150x150.webp\" class=\"attachment-thumbnail size-thumbnail\" alt=\"Logo Bask\u0131l\u0131 Lightbox Kasa\" aria-describedby=\"gallery-1-75\" \/><\/a>\n\t\t\t<\/div>\n\t\t\t\t<figcaption class='wp-caption-text gallery-caption' id='gallery-1-75'>\n\t\t\t\tI\u015f\u0131kl\u0131 Logo Lightbox Kasa\n\t\t\t\t<\/figcaption><\/figure><figure class='gallery-item'>\n\t\t\t<div class='gallery-icon portrait'>\n\t\t\t\t<a data-elementor-open-lightbox=\"yes\" data-elementor-lightbox-slideshow=\"c976cc0\" data-elementor-lightbox-title=\"Lightbox Reklamlar\u0131\" data-elementor-lightbox-description=\"Lightbox Fiyatlar\u0131\" data-e-action-hash=\"#elementor-action%3Aaction%3Dlightbox%26settings%3DeyJpZCI6ODQsInVybCI6Imh0dHBzOlwvXC93d3cubGlnaHRib3hlcy5jb20udHJcL3dwLWNvbnRlbnRcL3VwbG9hZHNcLzIwMjVcLzAzXC9JTUctMjAyNTAyMjQtV0EwMDQwLndlYnAiLCJzbGlkZXNob3ciOiJjOTc2Y2MwIn0%3D\" href='https:\/\/www.lightboxes.com.tr\/wp-content\/uploads\/2025\/03\/IMG-20250224-WA0040.webp'><img loading=\"lazy\" decoding=\"async\" width=\"150\" height=\"150\" src=\"https:\/\/www.lightboxes.com.tr\/wp-content\/uploads\/2025\/03\/IMG-20250224-WA0040-150x150.webp\" class=\"attachment-thumbnail size-thumbnail\" alt=\"Lightbox Reklam Tabelas\u0131\" aria-describedby=\"gallery-1-84\" \/><\/a>\n\t\t\t<\/div>\n\t\t\t\t<figcaption class='wp-caption-text gallery-caption' id='gallery-1-84'>\n\t\t\t\tLightbox \u00dcr\u00fcn Tabelas\u0131\n\t\t\t\t<\/figcaption><\/figure><figure class='gallery-item'>\n\t\t\t<div class='gallery-icon landscape'>\n\t\t\t\t<a data-elementor-open-lightbox=\"yes\" data-elementor-lightbox-slideshow=\"c976cc0\" data-elementor-lightbox-title=\"Ofis Lightbox Uygulamalar\u0131\" data-elementor-lightbox-description=\"Ofis Lightbox \u00d6l\u00e7\u00fcleri\" data-e-action-hash=\"#elementor-action%3Aaction%3Dlightbox%26settings%3DeyJpZCI6ODMsInVybCI6Imh0dHBzOlwvXC93d3cubGlnaHRib3hlcy5jb20udHJcL3dwLWNvbnRlbnRcL3VwbG9hZHNcLzIwMjVcLzAzXC9JTUctMjAyNTAyMjQtV0EwMDM5LndlYnAiLCJzbGlkZXNob3ciOiJjOTc2Y2MwIn0%3D\" href='https:\/\/www.lightboxes.com.tr\/wp-content\/uploads\/2025\/03\/IMG-20250224-WA0039.webp'><img loading=\"lazy\" decoding=\"async\" width=\"150\" height=\"150\" src=\"https:\/\/www.lightboxes.com.tr\/wp-content\/uploads\/2025\/03\/IMG-20250224-WA0039-150x150.webp\" class=\"attachment-thumbnail size-thumbnail\" alt=\"Ofis Lightbox Modelleri\" aria-describedby=\"gallery-1-83\" \/><\/a>\n\t\t\t<\/div>\n\t\t\t\t<figcaption class='wp-caption-text gallery-caption' id='gallery-1-83'>\n\t\t\t\tOfis Lightbox Pano\n\t\t\t\t<\/figcaption><\/figure><figure class='gallery-item'>\n\t\t\t<div class='gallery-icon portrait'>\n\t\t\t\t<a data-elementor-open-lightbox=\"yes\" data-elementor-lightbox-slideshow=\"c976cc0\" data-elementor-lightbox-title=\"Geni\u015f Ebat Lightbox Kasa\" data-elementor-lightbox-description=\"Al\u00fcminyum Lightbox Kasa\" data-e-action-hash=\"#elementor-action%3Aaction%3Dlightbox%26settings%3DeyJpZCI6ODIsInVybCI6Imh0dHBzOlwvXC93d3cubGlnaHRib3hlcy5jb20udHJcL3dwLWNvbnRlbnRcL3VwbG9hZHNcLzIwMjVcLzAzXC9JTUctMjAyNTAyMjQtV0EwMDM4LndlYnAiLCJzbGlkZXNob3ciOiJjOTc2Y2MwIn0%3D\" href='https:\/\/www.lightboxes.com.tr\/wp-content\/uploads\/2025\/03\/IMG-20250224-WA0038.webp'><img loading=\"lazy\" decoding=\"async\" width=\"150\" height=\"150\" src=\"https:\/\/www.lightboxes.com.tr\/wp-content\/uploads\/2025\/03\/IMG-20250224-WA0038-150x150.webp\" class=\"attachment-thumbnail size-thumbnail\" alt=\"B\u00fcy\u00fck Ebat Lightbox Kasa\" aria-describedby=\"gallery-1-82\" \/><\/a>\n\t\t\t<\/div>\n\t\t\t\t<figcaption class='wp-caption-text gallery-caption' id='gallery-1-82'>\n\t\t\t\t5cm Derinlikli Lightbox Kasa\n\t\t\t\t<\/figcaption><\/figure><figure class='gallery-item'>\n\t\t\t<div class='gallery-icon portrait'>\n\t\t\t\t<a data-elementor-open-lightbox=\"yes\" data-elementor-lightbox-slideshow=\"c976cc0\" data-elementor-lightbox-title=\"Lightbox Paneller\" data-elementor-lightbox-description=\"Lightbox Panel Modelleri\" data-e-action-hash=\"#elementor-action%3Aaction%3Dlightbox%26settings%3DeyJpZCI6OTAsInVybCI6Imh0dHBzOlwvXC93d3cubGlnaHRib3hlcy5jb20udHJcL3dwLWNvbnRlbnRcL3VwbG9hZHNcLzIwMjVcLzAzXC9JTUctMjAyNTAyMjQtV0EwMDQ2LndlYnAiLCJzbGlkZXNob3ciOiJjOTc2Y2MwIn0%3D\" href='https:\/\/www.lightboxes.com.tr\/wp-content\/uploads\/2025\/03\/IMG-20250224-WA0046.webp'><img loading=\"lazy\" decoding=\"async\" width=\"150\" height=\"150\" src=\"https:\/\/www.lightboxes.com.tr\/wp-content\/uploads\/2025\/03\/IMG-20250224-WA0046-150x150.webp\" class=\"attachment-thumbnail size-thumbnail\" alt=\"Lightbox Panel\" aria-describedby=\"gallery-1-90\" \/><\/a>\n\t\t\t<\/div>\n\t\t\t\t<figcaption class='wp-caption-text gallery-caption' id='gallery-1-90'>\n\t\t\t\tLightbox Panel Fiyatlar\u0131\n\t\t\t\t<\/figcaption><\/figure>\n\t\t<\/div>\n\t\t<\/div>\n\t\t\t\t\t\t<\/div>\n\t\t\t\t<\/div>\n\t\t\t\t\t<\/div>\n\t\t\t\t<\/div>\n\t\t<div class=\"elementor-element elementor-element-6b5dd9b e-flex e-con-boxed e-con e-parent\" data-id=\"6b5dd9b\" data-element_type=\"container\" data-e-type=\"container\">\n\t\t\t\t\t<div class=\"e-con-inner\">\n\t\t\t\t<div class=\"elementor-element elementor-element-08fcaa6 elementor-widget elementor-widget-spacer\" data-id=\"08fcaa6\" data-element_type=\"widget\" data-e-type=\"widget\" data-widget_type=\"spacer.default\">\n\t\t\t\t<div class=\"elementor-widget-container\">\n\t\t\t\t\t\t\t<div class=\"elementor-spacer\">\n\t\t\t<div class=\"elementor-spacer-inner\"><\/div>\n\t\t<\/div>\n\t\t\t\t\t\t<\/div>\n\t\t\t\t<\/div>\n\t\t\t\t\t<\/div>\n\t\t\t\t<\/div>\n\t\t\t\t<\/div>\n\t\t","protected":false},"excerpt":{"rendered":"<p>Y\u00dcKSEK \u00c7\u00d6Z\u00dcN\u00dcRL\u00dcKL\u00dc FOTO\u011eRAF BASKISIY\u00fcksek kaliteli foto\u011fraf bask\u0131s\u0131, \u00f6zellikle ma\u011fazalar i\u00e7in ger\u00e7ekten vazge\u00e7ilmez bir unsurdur. Tekstil kuma\u015f\u0131n\u0131n ayd\u0131nlat\u0131lmas\u0131yla ortaya muhte\u015fem ledboxes \u00fcr\u00fcnleri \u00e7\u0131kmaktad\u0131r.Click HereLIGHTBOX I\u015eIKLI TABELALightbox (I\u015f\u0131kl\u0131 Tabela), \u00f6zellikle ma\u011fazalar, restoranlar, oteller ve perakende noktalar\u0131 i\u00e7in dikkat \u00e7ekici ve \u015f\u0131k bir reklam arac\u0131d\u0131r. Gece ve g\u00fcnd\u00fcz etkili bir g\u00f6r\u00fcn\u00fcm sunarak markan\u0131z\u0131n g\u00f6r\u00fcn\u00fcrl\u00fc\u011f\u00fcn\u00fc art\u0131r\u0131r.Click HereLIGHTBOX \u0130LE \u00dcR\u00dcNLER\u0130N\u0130Z\u0130 [&hellip;]<\/p>\n","protected":false},"author":1,"featured_media":61,"parent":0,"menu_order":0,"comment_status":"closed","ping_status":"closed","template":"","meta":{"om_disable_all_campaigns":false,"_monsterinsights_skip_tracking":false,"_monsterinsights_sitenote_active":false,"_monsterinsights_sitenote_note":"","_monsterinsights_sitenote_category":0,"_joinchat":[],"footnotes":""},"class_list":["post-187","page","type-page","status-publish","has-post-thumbnail","hentry"],"aioseo_notices":[],"jetpack_sharing_enabled":true,"_links":{"self":[{"href":"https:\/\/www.lightboxes.com.tr\/index.php\/wp-json\/wp\/v2\/pages\/187","targetHints":{"allow":["GET"]}}],"collection":[{"href":"https:\/\/www.lightboxes.com.tr\/index.php\/wp-json\/wp\/v2\/pages"}],"about":[{"href":"https:\/\/www.lightboxes.com.tr\/index.php\/wp-json\/wp\/v2\/types\/page"}],"author":[{"embeddable":true,"href":"https:\/\/www.lightboxes.com.tr\/index.php\/wp-json\/wp\/v2\/users\/1"}],"replies":[{"embeddable":true,"href":"https:\/\/www.lightboxes.com.tr\/index.php\/wp-json\/wp\/v2\/comments?post=187"}],"version-history":[{"count":41,"href":"https:\/\/www.lightboxes.com.tr\/index.php\/wp-json\/wp\/v2\/pages\/187\/revisions"}],"predecessor-version":[{"id":336,"href":"https:\/\/www.lightboxes.com.tr\/index.php\/wp-json\/wp\/v2\/pages\/187\/revisions\/336"}],"wp:featuredmedia":[{"embeddable":true,"href":"https:\/\/www.lightboxes.com.tr\/index.php\/wp-json\/wp\/v2\/media\/61"}],"wp:attachment":[{"href":"https:\/\/www.lightboxes.com.tr\/index.php\/wp-json\/wp\/v2\/media?parent=187"}],"curies":[{"name":"wp","href":"https:\/\/api.w.org\/{rel}","templated":true}]}}